{"id":1240,"date":"2026-03-22T12:47:40","date_gmt":"2026-03-22T12:47:40","guid":{"rendered":"https:\/\/hprobotics.pro\/contato\/"},"modified":"2026-04-12T22:22:31","modified_gmt":"2026-04-12T22:22:31","slug":"contato","status":"publish","type":"page","link":"https:\/\/hprobotics.pro\/es\/contato\/","title":{"rendered":"Contato"},"content":{"rendered":"\t\t<div data-elementor-type=\"wp-page\" data-elementor-id=\"1240\" class=\"elementor elementor-1240 elementor-489\" data-elementor-post-type=\"page\">\n\t\t\t\t<div class=\"elementor-element elementor-element-d286a14 e-flex e-con-boxed e-con e-parent\" data-id=\"d286a14\" data-element_type=\"container\" data-e-type=\"container\" data-settings=\"{&quot;background_background&quot;:&quot;classic&quot;}\">\n\t\t\t\t\t<div class=\"e-con-inner\">\n\t\t<div class=\"elementor-element elementor-element-d2b4022 e-con-full e-flex elementor-invisible e-con e-child\" data-id=\"d2b4022\" data-element_type=\"container\" data-e-type=\"container\" data-settings=\"{&quot;animation&quot;:&quot;fadeInUp&quot;}\">\n\t\t<div class=\"elementor-element elementor-element-9e7e689 e-con-full e-flex e-con e-child\" data-id=\"9e7e689\" data-element_type=\"container\" data-e-type=\"container\">\n\t\t<div class=\"elementor-element elementor-element-6d76d33 e-con-full e-flex e-con e-child\" data-id=\"6d76d33\" data-element_type=\"container\" data-e-type=\"container\">\n\t\t\t\t<div class=\"elementor-element elementor-element-db84c62 elementor-widget__width-initial elementor-widget-divider--view-line elementor-widget elementor-widget-divider\" data-id=\"db84c62\" data-element_type=\"widget\" data-e-type=\"widget\" data-widget_type=\"divider.default\">\n\t\t\t\t\t\t\t<div class=\"elementor-divider\">\n\t\t\t<span class=\"elementor-divider-separator\">\n\t\t\t\t\t\t<\/span>\n\t\t<\/div>\n\t\t\t\t\t\t<\/div>\n\t\t\t\t<div class=\"elementor-element elementor-element-2224893 elementor-widget elementor-widget-heading\" data-id=\"2224893\" data-element_type=\"widget\" data-e-type=\"widget\" data-widget_type=\"heading.default\">\n\t\t\t\t\t<h3 class=\"elementor-heading-title elementor-size-default\">contacte con nosotros<\/h3>\t\t\t\t<\/div>\n\t\t\t\t<\/div>\n\t\t\t\t<div class=\"elementor-element elementor-element-0f2c207 elementor-widget elementor-widget-heading\" data-id=\"0f2c207\" data-element_type=\"widget\" data-e-type=\"widget\" data-widget_type=\"heading.default\">\n\t\t\t\t\t<h1 class=\"elementor-heading-title elementor-size-default\">Su viaje rob\u00f3tico comienza aqu\u00ed<\/h1>\t\t\t\t<\/div>\n\t\t\t\t<div class=\"elementor-element elementor-element-3c1e8b1 elementor-widget elementor-widget-heading\" data-id=\"3c1e8b1\" data-element_type=\"widget\" data-e-type=\"widget\" data-widget_type=\"heading.default\">\n\t\t\t\t\t<p class=\"elementor-heading-title elementor-size-default\">Hable con nuestro equipo y descubra qu\u00e9 plataforma responde mejor a su sector, aplicaci\u00f3n y objetivos operacionales.<\/p>\t\t\t\t<\/div>\n\t\t\t\t<\/div>\n\t\t<div class=\"elementor-element elementor-element-1ffcb92 e-con-full e-flex e-con e-child\" data-id=\"1ffcb92\" data-element_type=\"container\" data-e-type=\"container\">\n\t\t\t\t<div class=\"elementor-element elementor-element-9ebc4e8 elementor-widget elementor-widget-heading\" data-id=\"9ebc4e8\" data-element_type=\"widget\" data-e-type=\"widget\" data-widget_type=\"heading.default\">\n\t\t\t\t\t<h5 class=\"elementor-heading-title elementor-size-default\">Horario de Atenci\u00f3n<\/h5>\t\t\t\t<\/div>\n\t\t<div class=\"elementor-element elementor-element-7a4bb1f e-con-full e-flex e-con e-child\" data-id=\"7a4bb1f\" data-element_type=\"container\" data-e-type=\"container\">\n\t\t<div class=\"elementor-element elementor-element-d217581 e-con-full e-flex e-con e-child\" data-id=\"d217581\" data-element_type=\"container\" data-e-type=\"container\">\n\t\t\t\t<div class=\"elementor-element elementor-element-99c8788 elementor-widget elementor-widget-heading\" data-id=\"99c8788\" data-element_type=\"widget\" data-e-type=\"widget\" data-widget_type=\"heading.default\">\n\t\t\t\t\t<span class=\"elementor-heading-title elementor-size-default\">Lunes a viernes<\/span>\t\t\t\t<\/div>\n\t\t\t\t<div class=\"elementor-element elementor-element-cd0c861 elementor-widget elementor-widget-heading\" data-id=\"cd0c861\" data-element_type=\"widget\" data-e-type=\"widget\" data-widget_type=\"heading.default\">\n\t\t\t\t\t<span class=\"elementor-heading-title elementor-size-default\">09:00 \u2013 18:00<\/span>\t\t\t\t<\/div>\n\t\t\t\t<\/div>\n\t\t<div class=\"elementor-element elementor-element-2ebd0f5 e-con-full e-flex e-con e-child\" data-id=\"2ebd0f5\" data-element_type=\"container\" data-e-type=\"container\">\n\t\t\t\t<div class=\"elementor-element elementor-element-9d39817 elementor-widget elementor-widget-heading\" data-id=\"9d39817\" data-element_type=\"widget\" data-e-type=\"widget\" data-widget_type=\"heading.default\">\n\t\t\t\t\t<h2 class=\"elementor-heading-title elementor-size-default\">S\u00c1BADO<\/h2>\t\t\t\t<\/div>\n\t\t\t\t<div class=\"elementor-element elementor-element-6335ce0 elementor-widget elementor-widget-heading\" data-id=\"6335ce0\" data-element_type=\"widget\" data-e-type=\"widget\" data-widget_type=\"heading.default\">\n\t\t\t\t\t<span class=\"elementor-heading-title elementor-size-default\">CERRADO<\/span>\t\t\t\t<\/div>\n\t\t\t\t<\/div>\n\t\t<div class=\"elementor-element elementor-element-2bcaf34 e-con-full e-flex e-con e-child\" data-id=\"2bcaf34\" data-element_type=\"container\" data-e-type=\"container\">\n\t\t\t\t<div class=\"elementor-element elementor-element-ac9559e elementor-widget elementor-widget-heading\" data-id=\"ac9559e\" data-element_type=\"widget\" data-e-type=\"widget\" data-widget_type=\"heading.default\">\n\t\t\t\t\t<span class=\"elementor-heading-title elementor-size-default\">DOMINGO<\/span>\t\t\t\t<\/div>\n\t\t\t\t<div class=\"elementor-element elementor-element-cf70852 elementor-widget elementor-widget-heading\" data-id=\"cf70852\" data-element_type=\"widget\" data-e-type=\"widget\" data-widget_type=\"heading.default\">\n\t\t\t\t\t<span class=\"elementor-heading-title elementor-size-default\">CERRADO<\/span>\t\t\t\t<\/div>\n\t\t\t\t<\/div>\n\t\t\t\t<\/div>\n\t\t\t\t<\/div>\n\t\t\t\t<\/div>\n\t\t<div class=\"elementor-element elementor-element-e894767 e-con-full e-flex e-con e-child\" data-id=\"e894767\" data-element_type=\"container\" data-e-type=\"container\" data-settings=\"{&quot;background_background&quot;:&quot;classic&quot;}\">\n\t\t\t\t<div class=\"elementor-element elementor-element-26337e0 elementor-widget elementor-widget-html\" data-id=\"26337e0\" data-element_type=\"widget\" data-e-type=\"widget\" data-widget_type=\"html.default\">\n\t\t\t\t\t<iframe class=\"clickup-embed clickup-dynamic-height\" src=\"https:\/\/forms.clickup.com\/9015758545\/p\/f\/8cp33ph-48215\/92EPOELT1PX6GSQX08\/form-robtica-pt\" onwheel=\"\" width=\"100%\" height=\"100%\" style=\"background: transparent; border: 1px solid #ccc;\"><\/iframe><script async=\"\" src=\"https:\/\/app-cdn.clickup.com\/assets\/js\/forms-embed\/v1.js\"><\/script>\t\t\t\t<\/div>\n\t\t\t\t<\/div>\n\t\t\t\t\t<\/div>\n\t\t\t\t<\/div>\n\t\t<div class=\"elementor-element elementor-element-498cbaf e-flex e-con-boxed e-con e-parent\" data-id=\"498cbaf\" data-element_type=\"container\" data-e-type=\"container\" data-settings=\"{&quot;background_background&quot;:&quot;classic&quot;}\">\n\t\t\t\t\t<div class=\"e-con-inner\">\n\t\t<div class=\"elementor-element elementor-element-c41a054 e-con-full e-flex elementor-invisible e-con e-child\" data-id=\"c41a054\" data-element_type=\"container\" data-e-type=\"container\" data-settings=\"{&quot;animation&quot;:&quot;fadeInUp&quot;}\">\n\t\t<div class=\"elementor-element elementor-element-91a3578 e-con-full e-flex e-con e-child\" data-id=\"91a3578\" data-element_type=\"container\" data-e-type=\"container\">\n\t\t<div class=\"elementor-element elementor-element-6b68dcc e-con-full e-flex e-con e-child\" data-id=\"6b68dcc\" data-element_type=\"container\" data-e-type=\"container\">\n\t\t\t\t<div class=\"elementor-element elementor-element-6ba9cf8 elementor-widget__width-initial elementor-widget-divider--view-line elementor-widget elementor-widget-divider\" data-id=\"6ba9cf8\" data-element_type=\"widget\" data-e-type=\"widget\" data-widget_type=\"divider.default\">\n\t\t\t\t\t\t\t<div class=\"elementor-divider\">\n\t\t\t<span class=\"elementor-divider-separator\">\n\t\t\t\t\t\t<\/span>\n\t\t<\/div>\n\t\t\t\t\t\t<\/div>\n\t\t\t\t<div class=\"elementor-element elementor-element-315efbe elementor-widget elementor-widget-heading\" data-id=\"315efbe\" data-element_type=\"widget\" data-e-type=\"widget\" data-widget_type=\"heading.default\">\n\t\t\t\t\t<h2 class=\"elementor-heading-title elementor-size-default\">C\u00f3mo funciona<\/h2>\t\t\t\t<\/div>\n\t\t\t\t<\/div>\n\t\t\t\t<div class=\"elementor-element elementor-element-7c6eed8 elementor-widget elementor-widget-heading\" data-id=\"7c6eed8\" data-element_type=\"widget\" data-e-type=\"widget\" data-widget_type=\"heading.default\">\n\t\t\t\t\t<p class=\"elementor-heading-title elementor-size-default\">Desde la primera conversaci\u00f3n hasta la elecci\u00f3n final, acompa\u00f1amos cada etapa con claridad y enfoque en la soluci\u00f3n adecuada.<\/p>\t\t\t\t<\/div>\n\t\t\t\t<\/div>\n\t\t<div class=\"elementor-element elementor-element-643d8de e-con-full e-flex e-con e-child\" data-id=\"643d8de\" data-element_type=\"container\" data-e-type=\"container\">\n\t\t\t\t<div class=\"elementor-element elementor-element-1984f41 elementor-widget elementor-widget-heading\" data-id=\"1984f41\" data-element_type=\"widget\" data-e-type=\"widget\" data-widget_type=\"heading.default\">\n\t\t\t\t\t<h2 class=\"elementor-heading-title elementor-size-default\">El camino hacia la soluci\u00f3n adecuada<\/h2>\t\t\t\t<\/div>\n\t\t\t\t<\/div>\n\t\t\t\t<\/div>\n\t\t<div class=\"elementor-element elementor-element-5d4c645 e-con-full e-flex elementor-invisible e-con e-child\" data-id=\"5d4c645\" data-element_type=\"container\" data-e-type=\"container\" data-settings=\"{&quot;animation&quot;:&quot;fadeInUp&quot;}\">\n\t\t<div class=\"elementor-element elementor-element-8eed117 e-con-full e-flex e-con e-child\" data-id=\"8eed117\" data-element_type=\"container\" data-e-type=\"container\">\n\t\t<div class=\"elementor-element elementor-element-f1b85f7 e-con-full e-flex e-con e-child\" data-id=\"f1b85f7\" data-element_type=\"container\" data-e-type=\"container\">\n\t\t\t\t<div class=\"elementor-element elementor-element-42c0424 elementor-widget elementor-widget-heading\" data-id=\"42c0424\" data-element_type=\"widget\" data-e-type=\"widget\" data-widget_type=\"heading.default\">\n\t\t\t\t\t<h6 class=\"elementor-heading-title elementor-size-default\">Paso 1<\/h6>\t\t\t\t<\/div>\n\t\t\t\t<div class=\"elementor-element elementor-element-5ec256e elementor-widget elementor-widget-heading\" data-id=\"5ec256e\" data-element_type=\"widget\" data-e-type=\"widget\" data-widget_type=\"heading.default\">\n\t\t\t\t\t<h6 class=\"elementor-heading-title elementor-size-default\">Contacte con nosotros<\/h6>\t\t\t\t<\/div>\n\t\t\t\t<\/div>\n\t\t\t\t<div class=\"elementor-element elementor-element-1ccf61f elementor-widget elementor-widget-heading\" data-id=\"1ccf61f\" data-element_type=\"widget\" data-e-type=\"widget\" data-widget_type=\"heading.default\">\n\t\t\t\t\t<p class=\"elementor-heading-title elementor-size-default\">El primer paso es hablar con nuestro equipo. As\u00ed comenzamos a comprender su inter\u00e9s, el tipo de soluci\u00f3n que busca y el contexto en el que se utilizar\u00e1 el robot.<\/p>\t\t\t\t<\/div>\n\t\t\t\t<div class=\"elementor-element elementor-element-d4f057c elementor-widget elementor-widget-button\" data-id=\"d4f057c\" data-element_type=\"widget\" data-e-type=\"widget\" data-widget_type=\"button.default\">\n\t\t\t\t\t\t\t\t\t\t<a class=\"elementor-button elementor-button-link elementor-size-sm\" href=\"#\">\n\t\t\t\t\t\t<span class=\"elementor-button-content-wrapper\">\n\t\t\t\t\t\t\t\t\t<span class=\"elementor-button-text\">Ponerse en contacto<\/span>\n\t\t\t\t\t<\/span>\n\t\t\t\t\t<\/a>\n\t\t\t\t\t\t\t\t<\/div>\n\t\t\t\t<\/div>\n\t\t<div class=\"elementor-element elementor-element-0b09473 e-con-full e-flex e-con e-child\" data-id=\"0b09473\" data-element_type=\"container\" data-e-type=\"container\">\n\t\t<div class=\"elementor-element elementor-element-c84e6d2 e-con-full e-flex e-con e-child\" data-id=\"c84e6d2\" data-element_type=\"container\" data-e-type=\"container\">\n\t\t\t\t<div class=\"elementor-element elementor-element-d4dcac2 elementor-widget elementor-widget-heading\" data-id=\"d4dcac2\" data-element_type=\"widget\" data-e-type=\"widget\" data-widget_type=\"heading.default\">\n\t\t\t\t\t<h6 class=\"elementor-heading-title elementor-size-default\">Paso 2<\/h6>\t\t\t\t<\/div>\n\t\t\t\t<div class=\"elementor-element elementor-element-eb588e3 elementor-widget elementor-widget-heading\" data-id=\"eb588e3\" data-element_type=\"widget\" data-e-type=\"widget\" data-widget_type=\"heading.default\">\n\t\t\t\t\t<h6 class=\"elementor-heading-title elementor-size-default\">Evaluar las necesidades<\/h6>\t\t\t\t<\/div>\n\t\t\t\t<\/div>\n\t\t\t\t<div class=\"elementor-element elementor-element-6845276 elementor-widget elementor-widget-heading\" data-id=\"6845276\" data-element_type=\"widget\" data-e-type=\"widget\" data-widget_type=\"heading.default\">\n\t\t\t\t\t<p class=\"elementor-heading-title elementor-size-default\">Analizamos el escenario, los objetivos y los requisitos del proyecto para identificar la soluci\u00f3n rob\u00f3tica m\u00e1s adecuada. Esta etapa permite alinear tecnolog\u00eda, aplicaci\u00f3n y expectativa de forma m\u00e1s precisa.<\/p>\t\t\t\t<\/div>\n\t\t\t\t<div class=\"elementor-element elementor-element-5659b27 elementor-widget elementor-widget-button\" data-id=\"5659b27\" data-element_type=\"widget\" data-e-type=\"widget\" data-widget_type=\"button.default\">\n\t\t\t\t\t\t\t\t\t\t<a class=\"elementor-button elementor-button-link elementor-size-sm\" href=\"#\">\n\t\t\t\t\t\t<span class=\"elementor-button-content-wrapper\">\n\t\t\t\t\t\t\t\t\t<span class=\"elementor-button-text\">Explorar robots<\/span>\n\t\t\t\t\t<\/span>\n\t\t\t\t\t<\/a>\n\t\t\t\t\t\t\t\t<\/div>\n\t\t\t\t<\/div>\n\t\t<div class=\"elementor-element elementor-element-9709a5c e-con-full e-flex e-con e-child\" data-id=\"9709a5c\" data-element_type=\"container\" data-e-type=\"container\">\n\t\t<div class=\"elementor-element elementor-element-736563d e-con-full e-flex e-con e-child\" data-id=\"736563d\" data-element_type=\"container\" data-e-type=\"container\">\n\t\t\t\t<div class=\"elementor-element elementor-element-d59bc6c elementor-widget elementor-widget-heading\" data-id=\"d59bc6c\" data-element_type=\"widget\" data-e-type=\"widget\" data-widget_type=\"heading.default\">\n\t\t\t\t\t<h6 class=\"elementor-heading-title elementor-size-default\">Paso 3<\/h6>\t\t\t\t<\/div>\n\t\t\t\t<div class=\"elementor-element elementor-element-b3cf2aa elementor-widget elementor-widget-heading\" data-id=\"b3cf2aa\" data-element_type=\"widget\" data-e-type=\"widget\" data-widget_type=\"heading.default\">\n\t\t\t\t\t<h6 class=\"elementor-heading-title elementor-size-default\">Adquirir la soluci\u00f3n<\/h6>\t\t\t\t<\/div>\n\t\t\t\t<\/div>\n\t\t\t\t<div class=\"elementor-element elementor-element-1f9a817 elementor-widget elementor-widget-heading\" data-id=\"1f9a817\" data-element_type=\"widget\" data-e-type=\"widget\" data-widget_type=\"heading.default\">\n\t\t\t\t\t<p class=\"elementor-heading-title elementor-size-default\">Una vez definida la opci\u00f3n m\u00e1s indicada, acompa\u00f1amos el proceso de adquisici\u00f3n para que la elecci\u00f3n se realice con mayor seguridad, claridad y confianza.<\/p>\t\t\t\t<\/div>\n\t\t\t\t<div class=\"elementor-element elementor-element-411acc5 elementor-widget elementor-widget-button\" data-id=\"411acc5\" data-element_type=\"widget\" data-e-type=\"widget\" data-widget_type=\"button.default\">\n\t\t\t\t\t\t\t\t\t\t<a class=\"elementor-button elementor-button-link elementor-size-sm\" href=\"#\">\n\t\t\t\t\t\t<span class=\"elementor-button-content-wrapper\">\n\t\t\t\t\t\t\t\t\t<span class=\"elementor-button-text\">Quiero una soluci\u00f3n<\/span>\n\t\t\t\t\t<\/span>\n\t\t\t\t\t<\/a>\n\t\t\t\t\t\t\t\t<\/div>\n\t\t\t\t<\/div>\n\t\t\t\t<\/div>\n\t\t\t\t\t<\/div>\n\t\t\t\t<\/div>\n\t\t<div class=\"elementor-element elementor-element-a9aaa4b e-flex e-con-boxed e-con e-parent\" data-id=\"a9aaa4b\" data-element_type=\"container\" data-e-type=\"container\" data-settings=\"{&quot;background_background&quot;:&quot;classic&quot;}\">\n\t\t\t\t\t<div class=\"e-con-inner\">\n\t\t<div class=\"elementor-element elementor-element-85326f3 e-con-full e-flex e-con e-child\" data-id=\"85326f3\" data-element_type=\"container\" data-e-type=\"container\">\n\t\t\t\t<div class=\"elementor-element elementor-element-61a7994 elementor-widget elementor-widget-heading\" data-id=\"61a7994\" data-element_type=\"widget\" data-e-type=\"widget\" data-widget_type=\"heading.default\">\n\t\t\t\t\t<h2 class=\"elementor-heading-title elementor-size-default\">Explore robots concebidos para el mundo real<\/h2>\t\t\t\t<\/div>\n\t\t\t\t<div class=\"elementor-element elementor-element-e5ea615 elementor-align-center elementor-widget elementor-widget-button\" data-id=\"e5ea615\" data-element_type=\"widget\" data-e-type=\"widget\" data-widget_type=\"button.default\">\n\t\t\t\t\t\t\t\t\t\t<a class=\"elementor-button elementor-button-link elementor-size-sm\" href=\"#\">\n\t\t\t\t\t\t<span class=\"elementor-button-content-wrapper\">\n\t\t\t\t\t\t\t\t\t<span class=\"elementor-button-text\">Explorar robots<\/span>\n\t\t\t\t\t<\/span>\n\t\t\t\t\t<\/a>\n\t\t\t\t\t\t\t\t<\/div>\n\t\t\t\t<\/div>\n\t\t\t\t\t<\/div>\n\t\t\t\t<\/div>\n\t\t\t\t<\/div>\n\t\t","protected":false},"excerpt":{"rendered":"<p>contacte con nosotros Su viaje rob\u00f3tico comienza aqu\u00ed Hable con nuestro equipo y descubra qu\u00e9 plataforma responde mejor a su sector, aplicaci\u00f3n y objetivos operacionales. Horario de Atenci\u00f3n Lunes a viernes 09:00 \u2013 18:00 S\u00c1BADO CERRADO DOMINGO CERRADO C\u00f3mo funciona Desde la primera conversaci\u00f3n hasta la elecci\u00f3n final, acompa\u00f1amos cada etapa con claridad y enfoque [&hellip;]<\/p>\n","protected":false},"author":2,"featured_media":0,"parent":0,"menu_order":0,"comment_status":"closed","ping_status":"closed","template":"","meta":{"footnotes":""},"class_list":["post-1240","page","type-page","status-publish","hentry"],"_links":{"self":[{"href":"https:\/\/hprobotics.pro\/es\/wp-json\/wp\/v2\/pages\/1240","targetHints":{"allow":["GET"]}}],"collection":[{"href":"https:\/\/hprobotics.pro\/es\/wp-json\/wp\/v2\/pages"}],"about":[{"href":"https:\/\/hprobotics.pro\/es\/wp-json\/wp\/v2\/types\/page"}],"author":[{"embeddable":true,"href":"https:\/\/hprobotics.pro\/es\/wp-json\/wp\/v2\/users\/2"}],"replies":[{"embeddable":true,"href":"https:\/\/hprobotics.pro\/es\/wp-json\/wp\/v2\/comments?post=1240"}],"version-history":[{"count":1,"href":"https:\/\/hprobotics.pro\/es\/wp-json\/wp\/v2\/pages\/1240\/revisions"}],"predecessor-version":[{"id":1241,"href":"https:\/\/hprobotics.pro\/es\/wp-json\/wp\/v2\/pages\/1240\/revisions\/1241"}],"wp:attachment":[{"href":"https:\/\/hprobotics.pro\/es\/wp-json\/wp\/v2\/media?parent=1240"}],"curies":[{"name":"wp","href":"https:\/\/api.w.org\/{rel}","templated":true}]}}